{"id":2,"date":"2025-05-30T14:55:58","date_gmt":"2025-05-30T14:55:58","guid":{"rendered":"https:\/\/motocicletasrivas.rkinformatika.online\/?page_id=2"},"modified":"2025-07-18T13:38:11","modified_gmt":"2025-07-18T13:38:11","slug":"inicio","status":"publish","type":"page","link":"https:\/\/motocicletasrivas.com\/en\/","title":{"rendered":"Home"},"content":{"rendered":"\t\t<div data-elementor-type=\"wp-page\" data-elementor-id=\"2\" class=\"elementor elementor-2\" data-elementor-post-type=\"page\">\n\t\t\t\t<div class=\"elementor-element elementor-element-4aa3859 e-flex e-con-boxed e-con e-parent\" data-id=\"4aa3859\" data-element_type=\"container\" data-e-type=\"container\" data-settings=\"{&quot;background_background&quot;:&quot;slideshow&quot;,&quot;background_slideshow_gallery&quot;:[{&quot;id&quot;:464,&quot;url&quot;:&quot;https:\\\/\\\/motocicletasrivas.com\\\/wp-content\\\/uploads\\\/2025\\\/06\\\/repairing-motorcycle-tire-with-repair-kit-tire-plug-repair-kit-tubeless-tires-scaled.jpg&quot;},{&quot;id&quot;:184,&quot;url&quot;:&quot;https:\\\/\\\/motocicletasrivas.com\\\/wp-content\\\/uploads\\\/2025\\\/06\\\/man-fixing-motorcycle-modern-workshop-scaled.jpg&quot;},{&quot;id&quot;:452,&quot;url&quot;:&quot;https:\\\/\\\/motocicletasrivas.com\\\/wp-content\\\/uploads\\\/2025\\\/06\\\/man-repairing-motorbike-in-garage.jpg&quot;},{&quot;id&quot;:463,&quot;url&quot;:&quot;https:\\\/\\\/motocicletasrivas.com\\\/wp-content\\\/uploads\\\/2025\\\/06\\\/midsection-mechanic-repairing-motorcycle-street.jpg&quot;}],&quot;background_slideshow_lazyload&quot;:&quot;yes&quot;,&quot;background_slideshow_ken_burns&quot;:&quot;yes&quot;,&quot;background_slideshow_loop&quot;:&quot;yes&quot;,&quot;background_slideshow_slide_duration&quot;:5000,&quot;background_slideshow_slide_transition&quot;:&quot;fade&quot;,&quot;background_slideshow_transition_duration&quot;:500,&quot;background_slideshow_ken_burns_zoom_direction&quot;:&quot;in&quot;}\">\n\t\t\t\t\t<div class=\"e-con-inner\">\n\t\t\t\t<div class=\"elementor-element elementor-element-728092c elementor-widget elementor-widget-heading\" data-id=\"728092c\" data-element_type=\"widget\" data-e-type=\"widget\" data-widget_type=\"heading.default\">\n\t\t\t\t<div class=\"elementor-widget-container\">\n\t\t\t\t\t<h2 class=\"elementor-heading-title elementor-size-default\">Motocicletas Rivas <\/h2>\t\t\t\t<\/div>\n\t\t\t\t<\/div>\n\t\t\t\t<div class=\"elementor-element elementor-element-57c688f elementor-widget elementor-widget-heading\" data-id=\"57c688f\" data-element_type=\"widget\" data-e-type=\"widget\" data-widget_type=\"heading.default\">\n\t\t\t\t<div class=\"elementor-widget-container\">\n\t\t\t\t\t<h2 class=\"elementor-heading-title elementor-size-default\">Taller de reparacion de motos con peque\u00f1a tienda de motos y accesorios <\/h2>\t\t\t\t<\/div>\n\t\t\t\t<\/div>\n\t\t\t\t\t<\/div>\n\t\t\t\t<\/div>\n\t\t<div class=\"elementor-element elementor-element-c8f163e e-flex e-con-boxed e-con e-parent\" data-id=\"c8f163e\" data-element_type=\"container\" data-e-type=\"container\">\n\t\t\t\t\t<div class=\"e-con-inner\">\n\t\t<div class=\"elementor-element elementor-element-d0d643c e-con-full e-flex e-con e-child\" data-id=\"d0d643c\" data-element_type=\"container\" data-e-type=\"container\">\n\t\t\t\t<div class=\"elementor-element elementor-element-580400e elementor-widget elementor-widget-text-editor\" data-id=\"580400e\" data-element_type=\"widget\" data-e-type=\"widget\" data-widget_type=\"text-editor.default\">\n\t\t\t\t<div class=\"elementor-widget-container\">\n\t\t\t\t\t\t\t\t\t<span style=\"color: red;\">Motocicletas<\/span> <span style=\"font-family: Georgia, serif;\">Rivas<\/span>\t\t\t\t\t\t\t\t<\/div>\n\t\t\t\t<\/div>\n\t\t\t\t<div class=\"elementor-element elementor-element-2ec482f elementor-widget elementor-widget-text-editor\" data-id=\"2ec482f\" data-element_type=\"widget\" data-e-type=\"widget\" data-widget_type=\"text-editor.default\">\n\t\t\t\t<div class=\"elementor-widget-container\">\n\t\t\t\t\t\t\t\t\t<p data-start=\"69\" data-end=\"293\">Motocicletas Rivas comenz\u00f3 en Avenida de Abaro 9 como un taller especializado en la reparaci\u00f3n de motocicletas. Con dedicaci\u00f3n y pasi\u00f3n, fuimos creciendo y ampliando nuestros servicios para atender mejor a nuestros clientes.<\/p><p data-start=\"295\" data-end=\"481\">Hoy ofrecemos, adem\u00e1s de reparaciones, la venta de motocicletas, accesorios y equipamiento, siempre con un trato cercano y profesional que garantiza calidad y confianza en cada servicio.<\/p>\t\t\t\t\t\t\t\t<\/div>\n\t\t\t\t<\/div>\n\t\t\t\t<\/div>\n\t\t<div class=\"elementor-element elementor-element-fb4d3d3 e-con-full e-flex e-con e-child\" data-id=\"fb4d3d3\" data-element_type=\"container\" data-e-type=\"container\" data-settings=\"{&quot;background_background&quot;:&quot;classic&quot;}\">\n\t\t\t\t<div class=\"elementor-element elementor-element-08c04f5 elementor-widget elementor-widget-spacer\" data-id=\"08c04f5\" data-element_type=\"widget\" data-e-type=\"widget\" data-widget_type=\"spacer.default\">\n\t\t\t\t<div class=\"elementor-widget-container\">\n\t\t\t\t\t\t\t<div class=\"elementor-spacer\">\n\t\t\t<div class=\"elementor-spacer-inner\"><\/div>\n\t\t<\/div>\n\t\t\t\t\t\t<\/div>\n\t\t\t\t<\/div>\n\t\t\t\t<\/div>\n\t\t<div class=\"elementor-element elementor-element-327ef23 e-con-full e-grid e-con e-child\" data-id=\"327ef23\" data-element_type=\"container\" data-e-type=\"container\" data-settings=\"{&quot;background_background&quot;:&quot;classic&quot;}\">\n\t\t\t\t<div class=\"elementor-element elementor-element-5062183 elementor-widget elementor-widget-heading\" data-id=\"5062183\" data-element_type=\"widget\" data-e-type=\"widget\" data-widget_type=\"heading.default\">\n\t\t\t\t<div class=\"elementor-widget-container\">\n\t\t\t\t\t<h2 class=\"elementor-heading-title elementor-size-default\">Revisiones<\/h2>\t\t\t\t<\/div>\n\t\t\t\t<\/div>\n\t\t\t\t<div class=\"elementor-element elementor-element-5e1cf89 elementor-widget elementor-widget-heading\" data-id=\"5e1cf89\" data-element_type=\"widget\" data-e-type=\"widget\" data-widget_type=\"heading.default\">\n\t\t\t\t<div class=\"elementor-widget-container\">\n\t\t\t\t\t<h2 class=\"elementor-heading-title elementor-size-default\">cambio de neumaticos<\/h2>\t\t\t\t<\/div>\n\t\t\t\t<\/div>\n\t\t\t\t<div class=\"elementor-element elementor-element-8694676 elementor-widget elementor-widget-heading\" data-id=\"8694676\" data-element_type=\"widget\" data-e-type=\"widget\" data-widget_type=\"heading.default\">\n\t\t\t\t<div class=\"elementor-widget-container\">\n\t\t\t\t\t<h2 class=\"elementor-heading-title elementor-size-default\">reparaciones<\/h2>\t\t\t\t<\/div>\n\t\t\t\t<\/div>\n\t\t\t\t<\/div>\n\t\t\t\t\t<\/div>\n\t\t\t\t<\/div>\n\t\t<div class=\"elementor-element elementor-element-4d6afed e-flex e-con-boxed e-con e-parent\" data-id=\"4d6afed\" data-element_type=\"container\" data-e-type=\"container\" data-settings=\"{&quot;background_background&quot;:&quot;classic&quot;}\">\n\t\t\t\t\t<div class=\"e-con-inner\">\n\t\t\t\t<div class=\"elementor-element elementor-element-4314018 elementor-widget elementor-widget-heading\" data-id=\"4314018\" data-element_type=\"widget\" data-e-type=\"widget\" data-widget_type=\"heading.default\">\n\t\t\t\t<div class=\"elementor-widget-container\">\n\t\t\t\t\t<h2 class=\"elementor-heading-title elementor-size-default\">\u00bfTu moto necesita neum\u00e1ticos, revisiones o reparaciones?\n<\/h2>\t\t\t\t<\/div>\n\t\t\t\t<\/div>\n\t\t\t\t<div class=\"elementor-element elementor-element-8875b30 elementor-widget elementor-widget-heading\" data-id=\"8875b30\" data-element_type=\"widget\" data-e-type=\"widget\" data-widget_type=\"heading.default\">\n\t\t\t\t<div class=\"elementor-widget-container\">\n\t\t\t\t\t<h2 class=\"elementor-heading-title elementor-size-default\">Estamos aqu\u00ed para ayudarte. \u00a1Cont\u00e1ctanos!<\/h2>\t\t\t\t<\/div>\n\t\t\t\t<\/div>\n\t\t\t\t<div class=\"elementor-element elementor-element-1391de1 elementor-align-center elementor-widget elementor-widget-button\" data-id=\"1391de1\" data-element_type=\"widget\" data-e-type=\"widget\" data-widget_type=\"button.default\">\n\t\t\t\t<div class=\"elementor-widget-container\">\n\t\t\t\t\t\t\t\t\t<div class=\"elementor-button-wrapper\">\n\t\t\t\t\t<a class=\"elementor-button elementor-button-link elementor-size-sm elementor-animation-pop\" href=\"\/contacto\">\n\t\t\t\t\t\t<span class=\"elementor-button-content-wrapper\">\n\t\t\t\t\t\t\t\t\t<span class=\"elementor-button-text\">Cont\u00e1ctanos<\/span>\n\t\t\t\t\t<\/span>\n\t\t\t\t\t<\/a>\n\t\t\t\t<\/div>\n\t\t\t\t\t\t\t\t<\/div>\n\t\t\t\t<\/div>\n\t\t\t\t\t<\/div>\n\t\t\t\t<\/div>\n\t\t<div class=\"elementor-element elementor-element-0e2cdd4 e-flex e-con-boxed e-con e-parent\" data-id=\"0e2cdd4\" data-element_type=\"container\" data-e-type=\"container\">\n\t\t\t\t\t<div class=\"e-con-inner\">\n\t\t\t\t<div class=\"elementor-element elementor-element-f7a3f0a elementor-widget elementor-widget-heading\" data-id=\"f7a3f0a\" data-element_type=\"widget\" data-e-type=\"widget\" data-widget_type=\"heading.default\">\n\t\t\t\t<div class=\"elementor-widget-container\">\n\t\t\t\t\t<h2 class=\"elementor-heading-title elementor-size-default\">\u00bfPor qu\u00e9 elegirnos?<\/h2>\t\t\t\t<\/div>\n\t\t\t\t<\/div>\n\t\t\t\t\t<\/div>\n\t\t\t\t<\/div>\n\t\t<div class=\"elementor-element elementor-element-661c576 e-grid e-con-boxed e-con e-parent\" data-id=\"661c576\" data-element_type=\"container\" data-e-type=\"container\">\n\t\t\t\t\t<div class=\"e-con-inner\">\n\t\t\t\t<div class=\"elementor-element elementor-element-5d2b318 elementor-position-top elementor-invisible elementor-widget elementor-widget-image-box\" data-id=\"5d2b318\" data-element_type=\"widget\" data-e-type=\"widget\" data-settings=\"{&quot;_animation&quot;:&quot;fadeInLeft&quot;}\" data-widget_type=\"image-box.default\">\n\t\t\t\t<div class=\"elementor-widget-container\">\n\t\t\t\t\t<div class=\"elementor-image-box-wrapper\"><figure class=\"elementor-image-box-img\"><img fetchpriority=\"high\" decoding=\"async\" width=\"512\" height=\"512\" src=\"https:\/\/motocicletasrivas.com\/wp-content\/uploads\/2025\/06\/gear_15519165.png\" class=\"attachment-full size-full wp-image-568\" alt=\"\" srcset=\"https:\/\/motocicletasrivas.com\/wp-content\/uploads\/2025\/06\/gear_15519165.png 512w, https:\/\/motocicletasrivas.com\/wp-content\/uploads\/2025\/06\/gear_15519165-300x300.png 300w, https:\/\/motocicletasrivas.com\/wp-content\/uploads\/2025\/06\/gear_15519165-150x150.png 150w, https:\/\/motocicletasrivas.com\/wp-content\/uploads\/2025\/06\/gear_15519165-12x12.png 12w\" sizes=\"(max-width: 512px) 100vw, 512px\" \/><\/figure><div class=\"elementor-image-box-content\"><h3 class=\"elementor-image-box-title\">Experiencia y dedicaci\u00f3n<\/h3><\/div><\/div>\t\t\t\t<\/div>\n\t\t\t\t<\/div>\n\t\t\t\t<div class=\"elementor-element elementor-element-3c4b392 elementor-position-top elementor-invisible elementor-widget elementor-widget-image-box\" data-id=\"3c4b392\" data-element_type=\"widget\" data-e-type=\"widget\" data-settings=\"{&quot;_animation&quot;:&quot;fadeInUp&quot;}\" data-widget_type=\"image-box.default\">\n\t\t\t\t<div class=\"elementor-widget-container\">\n\t\t\t\t\t<div class=\"elementor-image-box-wrapper\"><figure class=\"elementor-image-box-img\"><img decoding=\"async\" width=\"512\" height=\"512\" src=\"https:\/\/motocicletasrivas.com\/wp-content\/uploads\/2025\/06\/motorbike_15518976.png\" class=\"attachment-full size-full wp-image-570\" alt=\"\" srcset=\"https:\/\/motocicletasrivas.com\/wp-content\/uploads\/2025\/06\/motorbike_15518976.png 512w, https:\/\/motocicletasrivas.com\/wp-content\/uploads\/2025\/06\/motorbike_15518976-300x300.png 300w, https:\/\/motocicletasrivas.com\/wp-content\/uploads\/2025\/06\/motorbike_15518976-150x150.png 150w, https:\/\/motocicletasrivas.com\/wp-content\/uploads\/2025\/06\/motorbike_15518976-12x12.png 12w\" sizes=\"(max-width: 512px) 100vw, 512px\" \/><\/figure><div class=\"elementor-image-box-content\"><h3 class=\"elementor-image-box-title\">Servicios integrales<\/h3><\/div><\/div>\t\t\t\t<\/div>\n\t\t\t\t<\/div>\n\t\t\t\t<div class=\"elementor-element elementor-element-edfa9d7 elementor-position-top elementor-invisible elementor-widget elementor-widget-image-box\" data-id=\"edfa9d7\" data-element_type=\"widget\" data-e-type=\"widget\" data-settings=\"{&quot;_animation&quot;:&quot;fadeInRight&quot;}\" data-widget_type=\"image-box.default\">\n\t\t\t\t<div class=\"elementor-widget-container\">\n\t\t\t\t\t<div class=\"elementor-image-box-wrapper\"><figure class=\"elementor-image-box-img\"><img decoding=\"async\" width=\"512\" height=\"512\" src=\"https:\/\/motocicletasrivas.com\/wp-content\/uploads\/2025\/06\/location_15518783.png\" class=\"attachment-full size-full wp-image-569\" alt=\"\" srcset=\"https:\/\/motocicletasrivas.com\/wp-content\/uploads\/2025\/06\/location_15518783.png 512w, https:\/\/motocicletasrivas.com\/wp-content\/uploads\/2025\/06\/location_15518783-300x300.png 300w, https:\/\/motocicletasrivas.com\/wp-content\/uploads\/2025\/06\/location_15518783-150x150.png 150w, https:\/\/motocicletasrivas.com\/wp-content\/uploads\/2025\/06\/location_15518783-12x12.png 12w\" sizes=\"(max-width: 512px) 100vw, 512px\" \/><\/figure><div class=\"elementor-image-box-content\"><h3 class=\"elementor-image-box-title\">Atenci\u00f3n cercana y profesional<\/h3><\/div><\/div>\t\t\t\t<\/div>\n\t\t\t\t<\/div>\n\t\t\t\t\t<\/div>\n\t\t\t\t<\/div>\n\t\t\t\t<\/div>\n\t\t","protected":false},"excerpt":{"rendered":"<p>Motocicletas Rivas Taller de reparacion de motos con peque\u00f1a tienda de motos y accesorios Motocicletas Rivas Motocicletas Rivas comenz\u00f3 en Avenida de Abaro 9 como un taller especializado en la reparaci\u00f3n de motocicletas. Con dedicaci\u00f3n y pasi\u00f3n, fuimos creciendo y ampliando nuestros servicios para atender mejor a nuestros clientes. Hoy ofrecemos, adem\u00e1s de reparaciones, la [&hellip;]<\/p>\n","protected":false},"author":1,"featured_media":0,"parent":0,"menu_order":0,"comment_status":"closed","ping_status":"closed","template":"elementor_canvas","meta":{"footnotes":""},"class_list":["post-2","page","type-page","status-publish","hentry"],"yoast_head":"<!-- This site is optimized with the Yoast SEO plugin v27.4 - https:\/\/yoast.com\/product\/yoast-seo-wordpress\/ -->\n<title>Inicio - Motocicletas Rivas<\/title>\n<meta name=\"robots\" content=\"index, follow, max-snippet:-1, max-image-preview:large, max-video-preview:-1\" \/>\n<link rel=\"canonical\" href=\"https:\/\/motocicletasrivas.com\/en\/\" \/>\n<meta property=\"og:locale\" content=\"en_GB\" \/>\n<meta property=\"og:type\" content=\"article\" \/>\n<meta property=\"og:title\" content=\"Inicio - Motocicletas Rivas\" \/>\n<meta property=\"og:description\" content=\"Motocicletas Rivas Taller de reparacion de motos con peque\u00f1a tienda de motos y accesorios Motocicletas Rivas Motocicletas Rivas comenz\u00f3 en Avenida de Abaro 9 como un taller especializado en la reparaci\u00f3n de motocicletas. Con dedicaci\u00f3n y pasi\u00f3n, fuimos creciendo y ampliando nuestros servicios para atender mejor a nuestros clientes. Hoy ofrecemos, adem\u00e1s de reparaciones, la [&hellip;]\" \/>\n<meta property=\"og:url\" content=\"https:\/\/motocicletasrivas.com\/en\/\" \/>\n<meta property=\"og:site_name\" content=\"Motocicletas Rivas\" \/>\n<meta property=\"article:modified_time\" content=\"2025-07-18T13:38:11+00:00\" \/>\n<meta property=\"og:image\" content=\"https:\/\/motocicletasrivas.com\/wp-content\/uploads\/2025\/06\/gear_15519165.png\" \/>\n\t<meta property=\"og:image:width\" content=\"512\" \/>\n\t<meta property=\"og:image:height\" content=\"512\" \/>\n\t<meta property=\"og:image:type\" content=\"image\/png\" \/>\n<meta name=\"twitter:card\" content=\"summary_large_image\" \/>\n<meta name=\"twitter:label1\" content=\"Estimated reading time\" \/>\n\t<meta name=\"twitter:data1\" content=\"2 minutes\" \/>\n<script type=\"application\/ld+json\" class=\"yoast-schema-graph\">{\"@context\":\"https:\\\/\\\/schema.org\",\"@graph\":[{\"@type\":\"WebPage\",\"@id\":\"https:\\\/\\\/motocicletasrivas.com\\\/\",\"url\":\"https:\\\/\\\/motocicletasrivas.com\\\/\",\"name\":\"Inicio - Motocicletas Rivas\",\"isPartOf\":{\"@id\":\"https:\\\/\\\/motocicletasrivas.com\\\/#website\"},\"primaryImageOfPage\":{\"@id\":\"https:\\\/\\\/motocicletasrivas.com\\\/#primaryimage\"},\"image\":{\"@id\":\"https:\\\/\\\/motocicletasrivas.com\\\/#primaryimage\"},\"thumbnailUrl\":\"https:\\\/\\\/motocicletasrivas.com\\\/wp-content\\\/uploads\\\/2025\\\/06\\\/gear_15519165.png\",\"datePublished\":\"2025-05-30T14:55:58+00:00\",\"dateModified\":\"2025-07-18T13:38:11+00:00\",\"breadcrumb\":{\"@id\":\"https:\\\/\\\/motocicletasrivas.com\\\/#breadcrumb\"},\"inLanguage\":\"en-GB\",\"potentialAction\":[{\"@type\":\"ReadAction\",\"target\":[\"https:\\\/\\\/motocicletasrivas.com\\\/\"]}]},{\"@type\":\"ImageObject\",\"inLanguage\":\"en-GB\",\"@id\":\"https:\\\/\\\/motocicletasrivas.com\\\/#primaryimage\",\"url\":\"https:\\\/\\\/motocicletasrivas.com\\\/wp-content\\\/uploads\\\/2025\\\/06\\\/gear_15519165.png\",\"contentUrl\":\"https:\\\/\\\/motocicletasrivas.com\\\/wp-content\\\/uploads\\\/2025\\\/06\\\/gear_15519165.png\"},{\"@type\":\"BreadcrumbList\",\"@id\":\"https:\\\/\\\/motocicletasrivas.com\\\/#breadcrumb\",\"itemListElement\":[{\"@type\":\"ListItem\",\"position\":1,\"name\":\"Portada\",\"item\":\"https:\\\/\\\/motocicletasrivas.com\\\/\"},{\"@type\":\"ListItem\",\"position\":2,\"name\":\"Inicio\"}]},{\"@type\":\"WebSite\",\"@id\":\"https:\\\/\\\/motocicletasrivas.com\\\/#website\",\"url\":\"https:\\\/\\\/motocicletasrivas.com\\\/\",\"name\":\"Motocicletas Rivas\",\"description\":\"\",\"publisher\":{\"@id\":\"https:\\\/\\\/motocicletasrivas.com\\\/#organization\"},\"potentialAction\":[{\"@type\":\"SearchAction\",\"target\":{\"@type\":\"EntryPoint\",\"urlTemplate\":\"https:\\\/\\\/motocicletasrivas.com\\\/?s={search_term_string}\"},\"query-input\":{\"@type\":\"PropertyValueSpecification\",\"valueRequired\":true,\"valueName\":\"search_term_string\"}}],\"inLanguage\":\"en-GB\"},{\"@type\":\"Organization\",\"@id\":\"https:\\\/\\\/motocicletasrivas.com\\\/#organization\",\"name\":\"Motocicletas Rivas\",\"url\":\"https:\\\/\\\/motocicletasrivas.com\\\/\",\"logo\":{\"@type\":\"ImageObject\",\"inLanguage\":\"en-GB\",\"@id\":\"https:\\\/\\\/motocicletasrivas.com\\\/#\\\/schema\\\/logo\\\/image\\\/\",\"url\":\"https:\\\/\\\/motocicletasrivas.com\\\/wp-content\\\/uploads\\\/2025\\\/05\\\/cropped-motocicletasrivas202505_logoarriba-e1750427292653.jpg\",\"contentUrl\":\"https:\\\/\\\/motocicletasrivas.com\\\/wp-content\\\/uploads\\\/2025\\\/05\\\/cropped-motocicletasrivas202505_logoarriba-e1750427292653.jpg\",\"width\":248,\"height\":222,\"caption\":\"Motocicletas Rivas\"},\"image\":{\"@id\":\"https:\\\/\\\/motocicletasrivas.com\\\/#\\\/schema\\\/logo\\\/image\\\/\"}}]}<\/script>\n<!-- \/ Yoast SEO plugin. -->","yoast_head_json":{"title":"Inicio - Motocicletas Rivas","robots":{"index":"index","follow":"follow","max-snippet":"max-snippet:-1","max-image-preview":"max-image-preview:large","max-video-preview":"max-video-preview:-1"},"canonical":"https:\/\/motocicletasrivas.com\/en\/","og_locale":"en_GB","og_type":"article","og_title":"Inicio - Motocicletas Rivas","og_description":"Motocicletas Rivas Taller de reparacion de motos con peque\u00f1a tienda de motos y accesorios Motocicletas Rivas Motocicletas Rivas comenz\u00f3 en Avenida de Abaro 9 como un taller especializado en la reparaci\u00f3n de motocicletas. Con dedicaci\u00f3n y pasi\u00f3n, fuimos creciendo y ampliando nuestros servicios para atender mejor a nuestros clientes. Hoy ofrecemos, adem\u00e1s de reparaciones, la [&hellip;]","og_url":"https:\/\/motocicletasrivas.com\/en\/","og_site_name":"Motocicletas Rivas","article_modified_time":"2025-07-18T13:38:11+00:00","og_image":[{"width":512,"height":512,"url":"https:\/\/motocicletasrivas.com\/wp-content\/uploads\/2025\/06\/gear_15519165.png","type":"image\/png"}],"twitter_card":"summary_large_image","twitter_misc":{"Estimated reading time":"2 minutes"},"schema":{"@context":"https:\/\/schema.org","@graph":[{"@type":"WebPage","@id":"https:\/\/motocicletasrivas.com\/","url":"https:\/\/motocicletasrivas.com\/","name":"Inicio - Motocicletas Rivas","isPartOf":{"@id":"https:\/\/motocicletasrivas.com\/#website"},"primaryImageOfPage":{"@id":"https:\/\/motocicletasrivas.com\/#primaryimage"},"image":{"@id":"https:\/\/motocicletasrivas.com\/#primaryimage"},"thumbnailUrl":"https:\/\/motocicletasrivas.com\/wp-content\/uploads\/2025\/06\/gear_15519165.png","datePublished":"2025-05-30T14:55:58+00:00","dateModified":"2025-07-18T13:38:11+00:00","breadcrumb":{"@id":"https:\/\/motocicletasrivas.com\/#breadcrumb"},"inLanguage":"en-GB","potentialAction":[{"@type":"ReadAction","target":["https:\/\/motocicletasrivas.com\/"]}]},{"@type":"ImageObject","inLanguage":"en-GB","@id":"https:\/\/motocicletasrivas.com\/#primaryimage","url":"https:\/\/motocicletasrivas.com\/wp-content\/uploads\/2025\/06\/gear_15519165.png","contentUrl":"https:\/\/motocicletasrivas.com\/wp-content\/uploads\/2025\/06\/gear_15519165.png"},{"@type":"BreadcrumbList","@id":"https:\/\/motocicletasrivas.com\/#breadcrumb","itemListElement":[{"@type":"ListItem","position":1,"name":"Portada","item":"https:\/\/motocicletasrivas.com\/"},{"@type":"ListItem","position":2,"name":"Inicio"}]},{"@type":"WebSite","@id":"https:\/\/motocicletasrivas.com\/#website","url":"https:\/\/motocicletasrivas.com\/","name":"Rivas Motorcycles","description":"","publisher":{"@id":"https:\/\/motocicletasrivas.com\/#organization"},"potentialAction":[{"@type":"SearchAction","target":{"@type":"EntryPoint","urlTemplate":"https:\/\/motocicletasrivas.com\/?s={search_term_string}"},"query-input":{"@type":"PropertyValueSpecification","valueRequired":true,"valueName":"search_term_string"}}],"inLanguage":"en-GB"},{"@type":"Organization","@id":"https:\/\/motocicletasrivas.com\/#organization","name":"Rivas Motorcycles","url":"https:\/\/motocicletasrivas.com\/","logo":{"@type":"ImageObject","inLanguage":"en-GB","@id":"https:\/\/motocicletasrivas.com\/#\/schema\/logo\/image\/","url":"https:\/\/motocicletasrivas.com\/wp-content\/uploads\/2025\/05\/cropped-motocicletasrivas202505_logoarriba-e1750427292653.jpg","contentUrl":"https:\/\/motocicletasrivas.com\/wp-content\/uploads\/2025\/05\/cropped-motocicletasrivas202505_logoarriba-e1750427292653.jpg","width":248,"height":222,"caption":"Motocicletas Rivas"},"image":{"@id":"https:\/\/motocicletasrivas.com\/#\/schema\/logo\/image\/"}}]}},"_links":{"self":[{"href":"https:\/\/motocicletasrivas.com\/en\/wp-json\/wp\/v2\/pages\/2","targetHints":{"allow":["GET"]}}],"collection":[{"href":"https:\/\/motocicletasrivas.com\/en\/wp-json\/wp\/v2\/pages"}],"about":[{"href":"https:\/\/motocicletasrivas.com\/en\/wp-json\/wp\/v2\/types\/page"}],"author":[{"embeddable":true,"href":"https:\/\/motocicletasrivas.com\/en\/wp-json\/wp\/v2\/users\/1"}],"replies":[{"embeddable":true,"href":"https:\/\/motocicletasrivas.com\/en\/wp-json\/wp\/v2\/comments?post=2"}],"version-history":[{"count":196,"href":"https:\/\/motocicletasrivas.com\/en\/wp-json\/wp\/v2\/pages\/2\/revisions"}],"predecessor-version":[{"id":653,"href":"https:\/\/motocicletasrivas.com\/en\/wp-json\/wp\/v2\/pages\/2\/revisions\/653"}],"wp:attachment":[{"href":"https:\/\/motocicletasrivas.com\/en\/wp-json\/wp\/v2\/media?parent=2"}],"curies":[{"name":"wp","href":"https:\/\/api.w.org\/{rel}","templated":true}]}}